{"id":843,"date":"2025-05-20T20:47:28","date_gmt":"2025-05-21T01:47:28","guid":{"rendered":"https:\/\/castiero.com\/?page_id=843"},"modified":"2025-08-19T12:54:11","modified_gmt":"2025-08-19T17:54:11","slug":"politica-de-privacidad","status":"publish","type":"page","link":"https:\/\/castiero.com\/en\/politica-de-privacidad\/","title":{"rendered":"Pol\u00edtica de privacidad"},"content":{"rendered":"<div data-elementor-type=\"wp-page\" data-elementor-id=\"843\" class=\"elementor elementor-843\">\n\t\t\t\t\t\t<section class=\"elementor-section elementor-top-section elementor-element elementor-element-445f21b elementor-section-boxed elementor-section-height-default elementor-section-height-default\" data-id=\"445f21b\" data-element_type=\"section\" data-settings=\"{&quot;shape_divider_top&quot;:&quot;wave-brush&quot;,&quot;shape_divider_bottom&quot;:&quot;wave-brush&quot;}\">\n\t\t\t\t\t<div class=\"elementor-shape elementor-shape-top\" aria-hidden=\"true\" data-negative=\"false\">\n\t\t\t<svg xmlns=\"http:\/\/www.w3.org\/2000\/svg\" viewbox=\"0 0 283.5 27.8\" preserveaspectratio=\"none\">\n\t<path class=\"elementor-shape-fill\" d=\"M283.5,9.7c0,0-7.3,4.3-14,4.6c-6.8,0.3-12.6,0-20.9-1.5c-11.3-2-33.1-10.1-44.7-5.7\ts-12.1,4.6-18,7.4c-6.6,3.2-20,9.6-36.6,9.3C131.6,23.5,99.5,7.2,86.3,8c-1.4,0.1-6.6,0.8-10.5,2c-3.8,1.2-9.4,3.8-17,4.7\tc-3.2,0.4-8.3,1.1-14.2,0.9c-1.5-0.1-6.3-0.4-12-1.6c-5.7-1.2-11-3.1-15.8-3.7C6.5,9.2,0,10.8,0,10.8V0h283.5V9.7z M260.8,11.3\tc-0.7-1-2-0.4-4.3-0.4c-2.3,0-6.1-1.2-5.8-1.1c0.3,0.1,3.1,1.5,6,1.9C259.7,12.2,261.4,12.3,260.8,11.3z M242.4,8.6\tc0,0-2.4-0.2-5.6-0.9c-3.2-0.8-10.3-2.8-15.1-3.5c-8.2-1.1-15.8,0-15.1,0.1c0.8,0.1,9.6-0.6,17.6,1.1c3.3,0.7,9.3,2.2,12.4,2.7\tC239.9,8.7,242.4,8.6,242.4,8.6z M185.2,8.5c1.7-0.7-13.3,4.7-18.5,6.1c-2.1,0.6-6.2,1.6-10,2c-3.9,0.4-8.9,0.4-8.8,0.5\tc0,0.2,5.8,0.8,11.2,0c5.4-0.8,5.2-1.1,7.6-1.6C170.5,14.7,183.5,9.2,185.2,8.5z M199.1,6.9c0.2,0-0.8-0.4-4.8,1.1\tc-4,1.5-6.7,3.5-6.9,3.7c-0.2,0.1,3.5-1.8,6.6-3C197,7.5,199,6.9,199.1,6.9z M283,6c-0.1,0.1-1.9,1.1-4.8,2.5s-6.9,2.8-6.7,2.7\tc0.2,0,3.5-0.6,7.4-2.5C282.8,6.8,283.1,5.9,283,6z M31.3,11.6c0.1-0.2-1.9-0.2-4.5-1.2s-5.4-1.6-7.8-2C15,7.6,7.3,8.5,7.7,8.6\tC8,8.7,15.9,8.3,20.2,9.3c2.2,0.5,2.4,0.5,5.7,1.6S31.2,11.9,31.3,11.6z M73,9.2c0.4-0.1,3.5-1.6,8.4-2.6c4.9-1.1,8.9-0.5,8.9-0.8\tc0-0.3-1-0.9-6.2-0.3S72.6,9.3,73,9.2z M71.6,6.7C71.8,6.8,75,5.4,77.3,5c2.3-0.3,1.9-0.5,1.9-0.6c0-0.1-1.1-0.2-2.7,0.2\tC74.8,5.1,71.4,6.6,71.6,6.7z M93.6,4.4c0.1,0.2,3.5,0.8,5.6,1.8c2.1,1,1.8,0.6,1.9,0.5c0.1-0.1-0.8-0.8-2.4-1.3\tC97.1,4.8,93.5,4.2,93.6,4.4z M65.4,11.1c-0.1,0.3,0.3,0.5,1.9-0.2s2.6-1.3,2.2-1.2s-0.9,0.4-2.5,0.8C65.3,10.9,65.5,10.8,65.4,11.1\tz M34.5,12.4c-0.2,0,2.1,0.8,3.3,0.9c1.2,0.1,2,0.1,2-0.2c0-0.3-0.1-0.5-1.6-0.4C36.6,12.8,34.7,12.4,34.5,12.4z M152.2,21.1\tc-0.1,0.1-2.4-0.3-7.5-0.3c-5,0-13.6-2.4-17.2-3.5c-3.6-1.1,10,3.9,16.5,4.1C150.5,21.6,152.3,21,152.2,21.1z\"\/>\n\t<path class=\"elementor-shape-fill\" d=\"M269.6,18c-0.1-0.1-4.6,0.3-7.2,0c-7.3-0.7-17-3.2-16.6-2.9c0.4,0.3,13.7,3.1,17,3.3\tC267.7,18.8,269.7,18,269.6,18z\"\/>\n\t<path class=\"elementor-shape-fill\" d=\"M227.4,9.8c-0.2-0.1-4.5-1-9.5-1.2c-5-0.2-12.7,0.6-12.3,0.5c0.3-0.1,5.9-1.8,13.3-1.2\tS227.6,9.9,227.4,9.8z\"\/>\n\t<path class=\"elementor-shape-fill\" d=\"M204.5,13.4c-0.1-0.1,2-1,3.2-1.1c1.2-0.1,2,0,2,0.3c0,0.3-0.1,0.5-1.6,0.4\tC206.4,12.9,204.6,13.5,204.5,13.4z\"\/>\n\t<path class=\"elementor-shape-fill\" d=\"M201,10.6c0-0.1-4.4,1.2-6.3,2.2c-1.9,0.9-6.2,3.1-6.1,3.1c0.1,0.1,4.2-1.6,6.3-2.6\tS201,10.7,201,10.6z\"\/>\n\t<path class=\"elementor-shape-fill\" d=\"M154.5,26.7c-0.1-0.1-4.6,0.3-7.2,0c-7.3-0.7-17-3.2-16.6-2.9c0.4,0.3,13.7,3.1,17,3.3\tC152.6,27.5,154.6,26.8,154.5,26.7z\"\/>\n\t<path class=\"elementor-shape-fill\" d=\"M41.9,19.3c0,0,1.2-0.3,2.9-0.1c1.7,0.2,5.8,0.9,8.2,0.7c4.2-0.4,7.4-2.7,7-2.6\tc-0.4,0-4.3,2.2-8.6,1.9c-1.8-0.1-5.1-0.5-6.7-0.4S41.9,19.3,41.9,19.3z\"\/>\n\t<path class=\"elementor-shape-fill\" d=\"M75.5,12.6c0.2,0.1,2-0.8,4.3-1.1c2.3-0.2,2.1-0.3,2.1-0.5c0-0.1-1.8-0.4-3.4,0\tC76.9,11.5,75.3,12.5,75.5,12.6z\"\/>\n\t<path class=\"elementor-shape-fill\" d=\"M15.6,13.2c0-0.1,4.3,0,6.7,0.5c2.4,0.5,5,1.9,5,2c0,0.1-2.7-0.8-5.1-1.4\tC19.9,13.7,15.7,13.3,15.6,13.2z\"\/>\n<\/svg>\t\t<\/div>\n\t\t\t\t<div class=\"elementor-shape elementor-shape-bottom\" aria-hidden=\"true\" data-negative=\"false\">\n\t\t\t<svg xmlns=\"http:\/\/www.w3.org\/2000\/svg\" viewbox=\"0 0 283.5 27.8\" preserveaspectratio=\"none\">\n\t<path class=\"elementor-shape-fill\" d=\"M283.5,9.7c0,0-7.3,4.3-14,4.6c-6.8,0.3-12.6,0-20.9-1.5c-11.3-2-33.1-10.1-44.7-5.7\ts-12.1,4.6-18,7.4c-6.6,3.2-20,9.6-36.6,9.3C131.6,23.5,99.5,7.2,86.3,8c-1.4,0.1-6.6,0.8-10.5,2c-3.8,1.2-9.4,3.8-17,4.7\tc-3.2,0.4-8.3,1.1-14.2,0.9c-1.5-0.1-6.3-0.4-12-1.6c-5.7-1.2-11-3.1-15.8-3.7C6.5,9.2,0,10.8,0,10.8V0h283.5V9.7z M260.8,11.3\tc-0.7-1-2-0.4-4.3-0.4c-2.3,0-6.1-1.2-5.8-1.1c0.3,0.1,3.1,1.5,6,1.9C259.7,12.2,261.4,12.3,260.8,11.3z M242.4,8.6\tc0,0-2.4-0.2-5.6-0.9c-3.2-0.8-10.3-2.8-15.1-3.5c-8.2-1.1-15.8,0-15.1,0.1c0.8,0.1,9.6-0.6,17.6,1.1c3.3,0.7,9.3,2.2,12.4,2.7\tC239.9,8.7,242.4,8.6,242.4,8.6z M185.2,8.5c1.7-0.7-13.3,4.7-18.5,6.1c-2.1,0.6-6.2,1.6-10,2c-3.9,0.4-8.9,0.4-8.8,0.5\tc0,0.2,5.8,0.8,11.2,0c5.4-0.8,5.2-1.1,7.6-1.6C170.5,14.7,183.5,9.2,185.2,8.5z M199.1,6.9c0.2,0-0.8-0.4-4.8,1.1\tc-4,1.5-6.7,3.5-6.9,3.7c-0.2,0.1,3.5-1.8,6.6-3C197,7.5,199,6.9,199.1,6.9z M283,6c-0.1,0.1-1.9,1.1-4.8,2.5s-6.9,2.8-6.7,2.7\tc0.2,0,3.5-0.6,7.4-2.5C282.8,6.8,283.1,5.9,283,6z M31.3,11.6c0.1-0.2-1.9-0.2-4.5-1.2s-5.4-1.6-7.8-2C15,7.6,7.3,8.5,7.7,8.6\tC8,8.7,15.9,8.3,20.2,9.3c2.2,0.5,2.4,0.5,5.7,1.6S31.2,11.9,31.3,11.6z M73,9.2c0.4-0.1,3.5-1.6,8.4-2.6c4.9-1.1,8.9-0.5,8.9-0.8\tc0-0.3-1-0.9-6.2-0.3S72.6,9.3,73,9.2z M71.6,6.7C71.8,6.8,75,5.4,77.3,5c2.3-0.3,1.9-0.5,1.9-0.6c0-0.1-1.1-0.2-2.7,0.2\tC74.8,5.1,71.4,6.6,71.6,6.7z M93.6,4.4c0.1,0.2,3.5,0.8,5.6,1.8c2.1,1,1.8,0.6,1.9,0.5c0.1-0.1-0.8-0.8-2.4-1.3\tC97.1,4.8,93.5,4.2,93.6,4.4z M65.4,11.1c-0.1,0.3,0.3,0.5,1.9-0.2s2.6-1.3,2.2-1.2s-0.9,0.4-2.5,0.8C65.3,10.9,65.5,10.8,65.4,11.1\tz M34.5,12.4c-0.2,0,2.1,0.8,3.3,0.9c1.2,0.1,2,0.1,2-0.2c0-0.3-0.1-0.5-1.6-0.4C36.6,12.8,34.7,12.4,34.5,12.4z M152.2,21.1\tc-0.1,0.1-2.4-0.3-7.5-0.3c-5,0-13.6-2.4-17.2-3.5c-3.6-1.1,10,3.9,16.5,4.1C150.5,21.6,152.3,21,152.2,21.1z\"\/>\n\t<path class=\"elementor-shape-fill\" d=\"M269.6,18c-0.1-0.1-4.6,0.3-7.2,0c-7.3-0.7-17-3.2-16.6-2.9c0.4,0.3,13.7,3.1,17,3.3\tC267.7,18.8,269.7,18,269.6,18z\"\/>\n\t<path class=\"elementor-shape-fill\" d=\"M227.4,9.8c-0.2-0.1-4.5-1-9.5-1.2c-5-0.2-12.7,0.6-12.3,0.5c0.3-0.1,5.9-1.8,13.3-1.2\tS227.6,9.9,227.4,9.8z\"\/>\n\t<path class=\"elementor-shape-fill\" d=\"M204.5,13.4c-0.1-0.1,2-1,3.2-1.1c1.2-0.1,2,0,2,0.3c0,0.3-0.1,0.5-1.6,0.4\tC206.4,12.9,204.6,13.5,204.5,13.4z\"\/>\n\t<path class=\"elementor-shape-fill\" d=\"M201,10.6c0-0.1-4.4,1.2-6.3,2.2c-1.9,0.9-6.2,3.1-6.1,3.1c0.1,0.1,4.2-1.6,6.3-2.6\tS201,10.7,201,10.6z\"\/>\n\t<path class=\"elementor-shape-fill\" d=\"M154.5,26.7c-0.1-0.1-4.6,0.3-7.2,0c-7.3-0.7-17-3.2-16.6-2.9c0.4,0.3,13.7,3.1,17,3.3\tC152.6,27.5,154.6,26.8,154.5,26.7z\"\/>\n\t<path class=\"elementor-shape-fill\" d=\"M41.9,19.3c0,0,1.2-0.3,2.9-0.1c1.7,0.2,5.8,0.9,8.2,0.7c4.2-0.4,7.4-2.7,7-2.6\tc-0.4,0-4.3,2.2-8.6,1.9c-1.8-0.1-5.1-0.5-6.7-0.4S41.9,19.3,41.9,19.3z\"\/>\n\t<path class=\"elementor-shape-fill\" d=\"M75.5,12.6c0.2,0.1,2-0.8,4.3-1.1c2.3-0.2,2.1-0.3,2.1-0.5c0-0.1-1.8-0.4-3.4,0\tC76.9,11.5,75.3,12.5,75.5,12.6z\"\/>\n\t<path class=\"elementor-shape-fill\" d=\"M15.6,13.2c0-0.1,4.3,0,6.7,0.5c2.4,0.5,5,1.9,5,2c0,0.1-2.7-0.8-5.1-1.4\tC19.9,13.7,15.7,13.3,15.6,13.2z\"\/>\n<\/svg>\t\t<\/div>\n\t\t\t\t\t<div class=\"elementor-container elementor-column-gap-default\">\n\t\t\t\t\t<div class=\"elementor-column elementor-col-100 elementor-top-column elementor-element elementor-element-d072b4b\" data-id=\"d072b4b\" data-element_type=\"column\">\n\t\t\t<div class=\"elementor-widget-wrap elementor-element-populated\">\n\t\t\t\t\t\t<div class=\"elementor-element elementor-element-bec3f6a elementor-widget elementor-widget-html\" data-id=\"bec3f6a\" data-element_type=\"widget\" data-widget_type=\"html.default\">\n\t\t\t\t<div class=\"elementor-widget-container\">\n\t\t\t\t\t<p><strong>Versi\u00f3n 1.0 \u2013 Mayo 2025<\/strong><br>\n    \u00daltima actualizaci\u00f3n: 20\/Mayo\/2025<\/p>\n\n    <h2>1. IDENTIFICACI\u00d3N DEL RESPONSABLE<\/h2>\n    <p>\n        Nombre legal: Arbel\u00e1ez Carvajal Tec S.A.S.<br>\n        NIT: 901576942<br>\n        DUNS: 987069851<br>\n        Marca registrada: CASTIERO\u00ae<br>\n        Correo de contacto: info@arbel\u00e1ezcarvajal.com<br>\n        Domicilio: Armenia, Colombia\n    <\/p>\n\n    <h2>2. ALCANCE<\/h2>\n    <p>Esta pol\u00edtica aplica a todos los usuarios de la plataforma digital Castiero, as\u00ed como a visitantes de nuestro sitio web y usuarios de nuestras aplicaciones m\u00f3viles, tanto en Colombia como en otros pa\u00edses.<\/p>\n\n    <h2>3. DATOS RECOLECTADOS<\/h2>\n    <ul>\n        <li>Datos identificativos: nombre, correo electr\u00f3nico, n\u00famero de documento, pa\u00eds.<\/li>\n        <li>Datos de uso financiero: ingresos, gastos, cuentas, cr\u00e9ditos, h\u00e1bitos financieros.<\/li>\n        <li>Datos t\u00e9cnicos: tipo de dispositivo, sistema operativo, direcci\u00f3n IP, ID de usuario.<\/li>\n        <li>Datos de comportamiento: navegaci\u00f3n, progreso educativo, interacci\u00f3n con contenido.<\/li>\n        <li>Datos sensibles: solo en casos expresamente consentidos, como g\u00e9nero o datos de menores.<\/li>\n    <\/ul>\n\n    <h2>4. FINALIDAD DEL TRATAMIENTO<\/h2>\n    <ul>\n        <li>Prestaci\u00f3n de los servicios ofrecidos por Castiero.<\/li>\n        <li>Personalizaci\u00f3n del contenido educativo seg\u00fan nivel o progreso.<\/li>\n        <li>Mejora continua de la plataforma mediante anal\u00edtica agregada.<\/li>\n        <li>Cumplimiento de obligaciones legales.<\/li>\n        <li>Contacto y soporte al usuario.<\/li>\n        <li>Seguridad, prevenci\u00f3n de fraudes y uso indebido.<\/li>\n    <\/ul>\n\n    <h2>5. BASE LEGAL PARA EL TRATAMIENTO<\/h2>\n    <ul>\n        <li>Consentimiento expreso del titular.<\/li>\n        <li>Cumplimiento de obligaciones legales.<\/li>\n        <li>Ejecuci\u00f3n de la relaci\u00f3n contractual (uso del software).<\/li>\n        <li>Inter\u00e9s leg\u00edtimo, en los t\u00e9rminos permitidos por la ley.<\/li>\n    <\/ul>\n\n    <h2>6. DERECHOS DEL USUARIO<\/h2>\n    <p>Tienes derecho a:<\/p>\n    <ul>\n        <li>Acceder, actualizar o rectificar tus datos.<\/li>\n        <li>Solicitar la eliminaci\u00f3n o cancelaci\u00f3n de tus datos.<\/li>\n        <li>Oponerte al tratamiento en ciertos casos.<\/li>\n        <li>Solicitar portabilidad, cuando aplique.<\/li>\n        <li>Revocar el consentimiento en cualquier momento.<\/li>\n    <\/ul>\n    <p>Puedes ejercer tus derechos escribiendo a: info@arbel\u00e1ezcarvajal.com<\/p>\n\n    <h2>7. TRANSFERENCIA Y ACCESO A TERCEROS<\/h2>\n    <p>\n        Tus datos no ser\u00e1n vendidos ni compartidos con terceros no autorizados.<br>\n        Solo podr\u00e1n ser accedidos por:\n    <\/p>\n    <ul>\n        <li>Proveedores tecnol\u00f3gicos bajo acuerdos de confidencialidad.<\/li>\n        <li>Autoridades judiciales o regulatorias cuando sea legalmente exigido.<\/li>\n        <li>Entidades aliadas educativas, si t\u00fa lo consientes de forma expresa.<\/li>\n    <\/ul>\n    <p>En caso de transferencias internacionales, garantizamos cumplimiento del GDPR, LGPD y mecanismos como cl\u00e1usulas contractuales tipo o equivalentes.<\/p>\n\n    <h2>8. SEGURIDAD DE LA INFORMACI\u00d3N<\/h2>\n    <p>Castiero implementa medidas de seguridad basadas en la norma ISO\/IEC 27001:2022, incluyendo:<\/p>\n    <ul>\n        <li>Cifrado en tr\u00e1nsito y reposo.<\/li>\n        <li>Control de accesos y sesiones.<\/li>\n        <li>Registro de actividad.<\/li>\n        <li>Anonimizaci\u00f3n y respaldo seguro.<\/li>\n    <\/ul>\n\n    <h2>9. CONSERVACI\u00d3N DE LOS DATOS<\/h2>\n    <p>Los datos ser\u00e1n conservados durante el tiempo necesario para:<\/p>\n    <ul>\n        <li>Cumplir con la finalidad para la que fueron recolectados.<\/li>\n        <li>Atender requerimientos legales o contractuales.<\/li>\n        <li>Hasta que solicites su supresi\u00f3n, en los casos que proceda.<\/li>\n    <\/ul>\n\n    <h2>10. TRATAMIENTO DE MENORES DE EDAD<\/h2>\n    <p>Solo recolectamos datos de menores si el padre, madre o tutor ha otorgado consentimiento verificable, conforme a la ley local o el COPPA (EE.UU.). No est\u00e1 permitido el uso aut\u00f3nomo por menores de edad sin supervisi\u00f3n.<\/p>\n\n    <h2>11. COOKIES Y TECNOLOG\u00cdAS SIMILARES<\/h2>\n    <p>Nuestro sitio puede utilizar cookies t\u00e9cnicas, anal\u00edticas y de sesi\u00f3n. Te informaremos al respecto mediante aviso emergente y te daremos la opci\u00f3n de aceptarlas o configurarlas.<\/p>\n\n    <h2>12. CAMBIOS EN ESTA POL\u00cdTICA<\/h2>\n    <p>Nos reservamos el derecho de modificar esta Pol\u00edtica en cualquier momento. Notificaremos cualquier cambio a trav\u00e9s de nuestros canales oficiales. El uso continuado del servicio implica aceptaci\u00f3n de los cambios.<\/p>\n\n    <h2>13. LEY APLICABLE Y JURISDICCI\u00d3N<\/h2>\n    <p>Esta pol\u00edtica se rige por la legislaci\u00f3n colombiana, en especial la Ley 1581 de 2012, sin perjuicio del cumplimiento de otras leyes cuando operemos fuera del pa\u00eds.<\/p>\t\t\t\t<\/div>\n\t\t\t\t<\/div>\n\t\t\t\t\t<\/div>\n\t\t<\/div>\n\t\t\t\t\t<\/div>\n\t\t<\/section>\n\t\t\t\t<\/div>","protected":false},"excerpt":{"rendered":"<p>Versi\u00f3n 1.0 \u2013 Mayo 2025 \u00daltima actualizaci\u00f3n: 20\/Mayo\/2025 1. IDENTIFICACI\u00d3N DEL RESPONSABLE Nombre legal: Arbel\u00e1ez Carvajal Tec S.A.S. NIT: 901576942 DUNS: 987069851 Marca registrada: CASTIERO\u00ae Correo de contacto: info@arbel\u00e1ezcarvajal.com Domicilio: Armenia, Colombia 2. ALCANCE Esta pol\u00edtica aplica a todos los usuarios de la plataforma digital Castiero, as\u00ed como a visitantes de nuestro sitio web y [&hellip;]<\/p>\n","protected":false},"author":1,"featured_media":0,"parent":0,"menu_order":0,"comment_status":"closed","ping_status":"closed","template":"elementor_header_footer","meta":{"footnotes":""},"class_list":["post-843","page","type-page","status-publish","hentry"],"yoast_head":"<!-- This site is optimized with the Yoast SEO plugin v27.5 - https:\/\/yoast.com\/product\/yoast-seo-wordpress\/ -->\n<title>Pol\u00edtica de privacidad<\/title>\n<meta name=\"robots\" content=\"index, follow, max-snippet:-1, max-image-preview:large, max-video-preview:-1\" \/>\n<link rel=\"canonical\" href=\"https:\/\/castiero.com\/en\/politica-de-privacidad\/\" \/>\n<meta property=\"og:locale\" content=\"en_US\" \/>\n<meta property=\"og:type\" content=\"article\" \/>\n<meta property=\"og:title\" content=\"Pol\u00edtica de privacidad\" \/>\n<meta property=\"og:description\" content=\"Versi\u00f3n 1.0 \u2013 Mayo 2025 \u00daltima actualizaci\u00f3n: 20\/Mayo\/2025 1. IDENTIFICACI\u00d3N DEL RESPONSABLE Nombre legal: Arbel\u00e1ez Carvajal Tec S.A.S. NIT: 901576942 DUNS: 987069851 Marca registrada: CASTIERO\u00ae Correo de contacto: info@arbel\u00e1ezcarvajal.com Domicilio: Armenia, Colombia 2. ALCANCE Esta pol\u00edtica aplica a todos los usuarios de la plataforma digital Castiero, as\u00ed como a visitantes de nuestro sitio web y [&hellip;]\" \/>\n<meta property=\"og:url\" content=\"https:\/\/castiero.com\/en\/politica-de-privacidad\/\" \/>\n<meta property=\"og:site_name\" content=\"Castiero\" \/>\n<meta property=\"article:modified_time\" content=\"2025-08-19T17:54:11+00:00\" \/>\n<meta name=\"twitter:card\" content=\"summary_large_image\" \/>\n<meta name=\"twitter:label1\" content=\"Est. reading time\" \/>\n\t<meta name=\"twitter:data1\" content=\"3 minutes\" \/>\n<script type=\"application\/ld+json\" class=\"yoast-schema-graph\">{\"@context\":\"https:\\\/\\\/schema.org\",\"@graph\":[{\"@type\":\"WebPage\",\"@id\":\"https:\\\/\\\/castiero.com\\\/politica-de-privacidad\\\/\",\"url\":\"https:\\\/\\\/castiero.com\\\/politica-de-privacidad\\\/\",\"name\":\"Pol\u00edtica de privacidad\",\"isPartOf\":{\"@id\":\"https:\\\/\\\/castiero.com\\\/#website\"},\"datePublished\":\"2025-05-21T01:47:28+00:00\",\"dateModified\":\"2025-08-19T17:54:11+00:00\",\"breadcrumb\":{\"@id\":\"https:\\\/\\\/castiero.com\\\/politica-de-privacidad\\\/#breadcrumb\"},\"inLanguage\":\"en-US\",\"potentialAction\":[{\"@type\":\"ReadAction\",\"target\":[\"https:\\\/\\\/castiero.com\\\/politica-de-privacidad\\\/\"]}]},{\"@type\":\"BreadcrumbList\",\"@id\":\"https:\\\/\\\/castiero.com\\\/politica-de-privacidad\\\/#breadcrumb\",\"itemListElement\":[{\"@type\":\"ListItem\",\"position\":1,\"name\":\"Inicio\",\"item\":\"https:\\\/\\\/castiero.com\\\/\"},{\"@type\":\"ListItem\",\"position\":2,\"name\":\"Pol\u00edtica de privacidad\"}]},{\"@type\":\"WebSite\",\"@id\":\"https:\\\/\\\/castiero.com\\\/#website\",\"url\":\"https:\\\/\\\/castiero.com\\\/\",\"name\":\"Castiero\",\"description\":\"\",\"publisher\":{\"@id\":\"https:\\\/\\\/castiero.com\\\/#organization\"},\"potentialAction\":[{\"@type\":\"SearchAction\",\"target\":{\"@type\":\"EntryPoint\",\"urlTemplate\":\"https:\\\/\\\/castiero.com\\\/?s={search_term_string}\"},\"query-input\":{\"@type\":\"PropertyValueSpecification\",\"valueRequired\":true,\"valueName\":\"search_term_string\"}}],\"inLanguage\":\"en-US\"},{\"@type\":\"Organization\",\"@id\":\"https:\\\/\\\/castiero.com\\\/#organization\",\"name\":\"Castiero App\",\"url\":\"https:\\\/\\\/castiero.com\\\/\",\"logo\":{\"@type\":\"ImageObject\",\"inLanguage\":\"en-US\",\"@id\":\"https:\\\/\\\/castiero.com\\\/#\\\/schema\\\/logo\\\/image\\\/\",\"url\":\"http:\\\/\\\/castiero.com\\\/wp-content\\\/uploads\\\/2023\\\/01\\\/logo-web.png\",\"contentUrl\":\"http:\\\/\\\/castiero.com\\\/wp-content\\\/uploads\\\/2023\\\/01\\\/logo-web.png\",\"width\":418,\"height\":418,\"caption\":\"Castiero App\"},\"image\":{\"@id\":\"https:\\\/\\\/castiero.com\\\/#\\\/schema\\\/logo\\\/image\\\/\"}}]}<\/script>\n<!-- \/ Yoast SEO plugin. -->","yoast_head_json":{"title":"Pol\u00edtica de privacidad","robots":{"index":"index","follow":"follow","max-snippet":"max-snippet:-1","max-image-preview":"max-image-preview:large","max-video-preview":"max-video-preview:-1"},"canonical":"https:\/\/castiero.com\/en\/politica-de-privacidad\/","og_locale":"en_US","og_type":"article","og_title":"Pol\u00edtica de privacidad","og_description":"Versi\u00f3n 1.0 \u2013 Mayo 2025 \u00daltima actualizaci\u00f3n: 20\/Mayo\/2025 1. IDENTIFICACI\u00d3N DEL RESPONSABLE Nombre legal: Arbel\u00e1ez Carvajal Tec S.A.S. NIT: 901576942 DUNS: 987069851 Marca registrada: CASTIERO\u00ae Correo de contacto: info@arbel\u00e1ezcarvajal.com Domicilio: Armenia, Colombia 2. ALCANCE Esta pol\u00edtica aplica a todos los usuarios de la plataforma digital Castiero, as\u00ed como a visitantes de nuestro sitio web y [&hellip;]","og_url":"https:\/\/castiero.com\/en\/politica-de-privacidad\/","og_site_name":"Castiero","article_modified_time":"2025-08-19T17:54:11+00:00","twitter_card":"summary_large_image","twitter_misc":{"Est. reading time":"3 minutes"},"schema":{"@context":"https:\/\/schema.org","@graph":[{"@type":"WebPage","@id":"https:\/\/castiero.com\/politica-de-privacidad\/","url":"https:\/\/castiero.com\/politica-de-privacidad\/","name":"Pol\u00edtica de privacidad","isPartOf":{"@id":"https:\/\/castiero.com\/#website"},"datePublished":"2025-05-21T01:47:28+00:00","dateModified":"2025-08-19T17:54:11+00:00","breadcrumb":{"@id":"https:\/\/castiero.com\/politica-de-privacidad\/#breadcrumb"},"inLanguage":"en-US","potentialAction":[{"@type":"ReadAction","target":["https:\/\/castiero.com\/politica-de-privacidad\/"]}]},{"@type":"BreadcrumbList","@id":"https:\/\/castiero.com\/politica-de-privacidad\/#breadcrumb","itemListElement":[{"@type":"ListItem","position":1,"name":"Inicio","item":"https:\/\/castiero.com\/"},{"@type":"ListItem","position":2,"name":"Pol\u00edtica de privacidad"}]},{"@type":"WebSite","@id":"https:\/\/castiero.com\/#website","url":"https:\/\/castiero.com\/","name":"Castiero","description":"","publisher":{"@id":"https:\/\/castiero.com\/#organization"},"potentialAction":[{"@type":"SearchAction","target":{"@type":"EntryPoint","urlTemplate":"https:\/\/castiero.com\/?s={search_term_string}"},"query-input":{"@type":"PropertyValueSpecification","valueRequired":true,"valueName":"search_term_string"}}],"inLanguage":"en-US"},{"@type":"Organization","@id":"https:\/\/castiero.com\/#organization","name":"Castiero App","url":"https:\/\/castiero.com\/","logo":{"@type":"ImageObject","inLanguage":"en-US","@id":"https:\/\/castiero.com\/#\/schema\/logo\/image\/","url":"http:\/\/castiero.com\/wp-content\/uploads\/2023\/01\/logo-web.png","contentUrl":"http:\/\/castiero.com\/wp-content\/uploads\/2023\/01\/logo-web.png","width":418,"height":418,"caption":"Castiero App"},"image":{"@id":"https:\/\/castiero.com\/#\/schema\/logo\/image\/"}}]}},"_links":{"self":[{"href":"https:\/\/castiero.com\/en\/wp-json\/wp\/v2\/pages\/843","targetHints":{"allow":["GET"]}}],"collection":[{"href":"https:\/\/castiero.com\/en\/wp-json\/wp\/v2\/pages"}],"about":[{"href":"https:\/\/castiero.com\/en\/wp-json\/wp\/v2\/types\/page"}],"author":[{"embeddable":true,"href":"https:\/\/castiero.com\/en\/wp-json\/wp\/v2\/users\/1"}],"replies":[{"embeddable":true,"href":"https:\/\/castiero.com\/en\/wp-json\/wp\/v2\/comments?post=843"}],"version-history":[{"count":11,"href":"https:\/\/castiero.com\/en\/wp-json\/wp\/v2\/pages\/843\/revisions"}],"predecessor-version":[{"id":2467,"href":"https:\/\/castiero.com\/en\/wp-json\/wp\/v2\/pages\/843\/revisions\/2467"}],"wp:attachment":[{"href":"https:\/\/castiero.com\/en\/wp-json\/wp\/v2\/media?parent=843"}],"curies":[{"name":"wp","href":"https:\/\/api.w.org\/{rel}","templated":true}]}}